{"id":371,"date":"2024-02-28T11:12:10","date_gmt":"2024-02-28T11:12:10","guid":{"rendered":"https:\/\/h2oholidays.com\/politica-de-privacidad\/"},"modified":"2024-06-14T14:23:49","modified_gmt":"2024-06-14T14:23:49","slug":"politica-de-privacidad","status":"publish","type":"page","link":"https:\/\/h2oholidays.com\/es\/politica-de-privacidad\/","title":{"rendered":"Pol\u00edtica de privacidad"},"content":{"rendered":"<p>[et_pb_section fb_built=\u00bb1&#8243; admin_label=\u00bbsection\u00bb _builder_version=\u00bb4.16&#8243; global_colors_info=\u00bb{}\u00bb][et_pb_row admin_label=\u00bbfila\u00bb _builder_version=\u00bb4.16&#8243; background_size=\u00bbinitial\u00bb background_position=\u00bbtop_left\u00bb background_repeat=\u00bbrepeat\u00bb global_colors_info=\u00bb{}\u00bb][et_pb_column type=\u00bb4_4&#8243; _builder_version=\u00bb4.16&#8243; custom_padding=\u00bb|||\u00bb global_colors_info=\u00bb{}\u00bb custom_padding__hover=\u00bb|||\u00bb][et_pb_text admin_label=\u00bbText\u00bb _builder_version=\u00bb4.24.2&#8243; background_size=\u00bbinitial\u00bb background_position=\u00bbtop_left\u00bb background_repeat=\u00bbrepeat\u00bb hover_enabled=\u00bb0&#8243; global_colors_info=\u00bb{}\u00bb sticky_enabled=\u00bb0&#8243;]<\/p>\n<h2 class=\"Title Grey\"><span id=\"dnn_ctr_dnnTITLE_titleLabel\" class=\"Head\">DECLARACI\u00d3N DE PRIVACIDAD<\/span><\/h2>\n<div id=\"dnn_ctr_ContentPane\">\n<div id=\"dnn_ctr_ModuleContent\" class=\"DNNModuleContent ModC\">\n<div class=\"dnnPrivacy dnnClear\">\n<div align=\"left\">\n<p>Campamento de surf barato en la zona de Hossegor Capbreton. se compromete a proteger tu privacidad y a desarrollar tecnolog\u00eda que te proporcione la experiencia online m\u00e1s potente y segura. Esta Declaraci\u00f3n de Privacidad se aplica al campamento de surf Barato en la zona de Hossegor Capbreton. y regula la recopilaci\u00f3n y el uso de datos. Utilizando el Campamento de surf barato en la zona de Hossegor Capbreton. das tu consentimiento a las pr\u00e1cticas de datos descritas en esta declaraci\u00f3n.<\/p>\n<p><strong><span class=\"SubHead\">Recogida de tus datos personales<\/span><\/strong><\/p>\n<p>Campamento de surf barato en la zona de Hossegor Capbreton. recoge informaci\u00f3n personal identificable, como tu direcci\u00f3n de correo electr\u00f3nico, nombre, direcci\u00f3n de casa o del trabajo o n\u00famero de tel\u00e9fono. Campamento de surf barato en la zona de Hossegor Capbreton. tambi\u00e9n recopila informaci\u00f3n demogr\u00e1fica an\u00f3nima, que no es exclusiva de ti, como tu c\u00f3digo postal, edad, sexo, preferencias, intereses y favoritos.<\/p>\n<p>Tambi\u00e9n existe informaci\u00f3n acerca del hardware y software de tu ordenador personal que Cheap surf camp in the Hossegor Capbreton area recoge autom\u00e1ticamente. . Esta informaci\u00f3n puede incluir: tu direcci\u00f3n IP, tipo de navegador, nombres de dominio, horas de acceso y direcciones de sitios Web de referencia. Esta informaci\u00f3n la utiliza Campamento de surf barato en la zona de Hossegor Capbreton. para el funcionamiento del servicio, para mantener la calidad del servicio y para proporcionar estad\u00edsticas generales sobre el uso de Cheap surf camp en la zona de Hossegor Capbreton. P\u00e1gina web.<\/p>\n<p>Ten en cuenta que si divulgas directamente informaci\u00f3n de identificaci\u00f3n personal o datos privados a trav\u00e9s de Campamento de surf barato en la zona de Hossegor Capbreton. tablones de mensajes p\u00fablicos, esta informaci\u00f3n puede ser recogida y utilizada por otros. Nota: Campamento de surf barato en la zona de Hossegor Capbreton. no lee ninguna de tus comunicaciones privadas en l\u00ednea.<\/p>\n<p>Campamento de surf barato en la zona de Hossegor Capbreton. te alienta a que revises las declaraciones de privacidad de los sitios Web a los que decidas conectarte desde Cheap surf camp in the Hossegor Capbreton area. para que puedas comprender c\u00f3mo recogen, utilizan y comparten tu informaci\u00f3n esos sitios web. Campamento de surf barato en la zona de Hossegor Capbreton. no es responsable de las declaraciones de privacidad ni de cualquier otro contenido de los sitios Web que no pertenezcan a Cheap surf camp in the Hossegor Capbreton area. y Campamento de surf barato en la zona de Hossegor Capbreton. familia de sitios web.<\/p>\n<p><strong><span class=\"SubHead\">Uso de tus datos personales<\/span><\/strong><\/p>\n<p>Campamento de surf barato en la zona de Hossegor Capbreton. recoge y utiliza tu informaci\u00f3n personal para gestionar el campamento de surf Barato en la zona de Hossegor Capbreton. y prestar los servicios que has solicitado. Campamento de surf barato en la zona de Hossegor Capbreton. tambi\u00e9n utiliza la informaci\u00f3n de tu identificaci\u00f3n personal para informarte de otros productos o servicios disponibles en Cheap surf camp en la zona de Hossegor Capbreton. y sus filiales. Campamento de surf barato en la zona de Hossegor Capbreton. tambi\u00e9n puede ponerse en contacto contigo mediante encuestas para conocer tu opini\u00f3n sobre los servicios actuales o sobre posibles servicios nuevos que se puedan ofrecer.<\/p>\n<p>Campamento de surf barato en la zona de Hossegor Capbreton. no vende, alquila ni cede sus listas de clientes a terceros. Campamento de surf barato en la zona de Hossegor Capbreton. puede, de vez en cuando, ponerse en contacto contigo en nombre de socios comerciales externos para informarte sobre alguna oferta concreta que pueda ser de tu inter\u00e9s. En esos casos, tu informaci\u00f3n personal identificable (correo electr\u00f3nico, nombre, direcci\u00f3n, n\u00famero de tel\u00e9fono) no se transfiere al tercero. Adem\u00e1s, Campamento de surf barato en la zona de Hossegor Capbreton. puede compartir datos con socios de confianza para ayudarnos a realizar an\u00e1lisis estad\u00edsticos, enviarte correos electr\u00f3nicos o postales, prestar asistencia al cliente u organizar las entregas. Est\u00e1 prohibida a todos los terceros la utilizaci\u00f3n de tu informaci\u00f3n personal con excepci\u00f3n de proporcionar estos servicios a Cheap surf camp en la zona de Hossegor Capbreton. y est\u00e1n obligados a mantener la confidencialidad de tus datos.<\/p>\n<p>Campamento de surf barato en la zona de Hossegor Capbreton. no utiliza ni divulga informaci\u00f3n personal delicada, como raza, religi\u00f3n o afiliaciones pol\u00edticas, sin tu consentimiento expl\u00edcito.<\/p>\n<p>Campamento de surf barato en la zona de Hossegor Capbreton. realiza un seguimiento de los sitios Web y las p\u00e1ginas que visitan nuestros clientes dentro de Cheap surf camp in the Hossegor Capbreton area. para determinar qu\u00e9 Campamento de surf barato en la zona de Hossegor Capbreton. servicios son los m\u00e1s populares. Estos datos se utilizan para presentar contenidos y publicidad personalizados en el \u00e1mbito de Cheap surf camp en la zona de Hossegor Capbreton. a clientes cuyo comportamiento indica que est\u00e1n interesados en un tema concreto.<\/p>\n<p>Campamento de surf barato en la zona de Hossegor Capbreton. revelar\u00e1 tu informaci\u00f3n personal, sin previo aviso, s\u00f3lo si as\u00ed lo exige la ley o en la creencia de buena fe de que dicha acci\u00f3n es necesaria para: (a) cumplir con los edictos de la ley o con un proceso legal servido a Cheap surf camp en el \u00e1rea de Hossegor Capbreton. o el sitio; (b) proteger y defender los derechos o la propiedad de Cheap surf camp en la zona de Hossegor Capbreton. y, (c) actuar en circunstancias apremiantes para proteger la seguridad personal de los usuarios de Cheap surf camp en la zona de Hossegor Capbreton. o al p\u00fablico.<\/p>\n<p><strong><span class=\"SubHead\">Uso de cookies<\/span><\/strong><\/p>\n<p>El campamento de surf m\u00e1s barato de la zona de Hossegor Capbreton. El sitio web utiliza \u00abcookies\u00bb para ayudarte a personalizar tu experiencia en l\u00ednea. Una cookie es un archivo de texto que un servidor de p\u00e1ginas web coloca en tu disco duro. Las cookies no pueden utilizarse para ejecutar programas o enviar virus a tu ordenador. Las cookies se te asignan de forma exclusiva y s\u00f3lo pueden ser le\u00eddas por un servidor web del dominio que te emiti\u00f3 la cookie.<\/p>\n<p>Uno de los principales prop\u00f3sitos de las cookies es proporcionar una funci\u00f3n pr\u00e1ctica para ahorrarte tiempo. La finalidad de una cookie es indicar al servidor Web que has vuelto a una p\u00e1gina concreta. Por ejemplo, si personalizas Campamento de surf barato en la zona de Hossegor Capbreton. o inscr\u00edbete en un campamento de surf barato en la zona de Hossegor Capbreton. sitio o servicios, una cookie ayuda a Campamento de surf barato en la zona de Hossegor Capbreton. para recordar tu informaci\u00f3n espec\u00edfica en visitas posteriores. Esto simplifica el proceso de registrar tu informaci\u00f3n personal, como direcciones de facturaci\u00f3n, direcciones de env\u00edo, etc. Cuando vuelvas al mismo Campamento de surf barato en la zona de Hossegor Capbreton. la informaci\u00f3n que proporcionaste anteriormente puede ser recuperada, de manera que puedas utilizar f\u00e1cilmente el Campamento de surf barato en la zona de Hossegor Capbreton. funciones que hayas personalizado.<\/p>\n<p>Tienes la posibilidad de aceptar o rechazar las cookies. La mayor\u00eda de los navegadores web aceptan autom\u00e1ticamente las cookies, pero normalmente puedes modificar la configuraci\u00f3n de tu navegador para rechazarlas si lo prefieres. Si decides rechazar las cookies, es posible que no puedas aprovechar en su totalidad las funciones interactivas del Campamento de surf barato en la zona de Hossegor Capbreton. servicios o sitios web que visitas.<\/p>\n<p><strong><span class=\"SubHead\">Seguridad de tus datos personales<\/span><\/strong><\/p>\n<p>Campamento de surf barato en la zona de Hossegor Capbreton. asegura tu informaci\u00f3n personal frente al acceso, uso o divulgaci\u00f3n no autorizados. Campamento de surf barato en la zona de Hossegor Capbreton. mantiene la informaci\u00f3n de identificaci\u00f3n personal que proporcionas en servidores inform\u00e1ticos situados en un entorno controlado y seguro, protegidos del acceso, uso o divulgaci\u00f3n no autorizados. Cuando se transmite informaci\u00f3n personal (como el n\u00famero de una tarjeta de cr\u00e9dito) a otros sitios web, se protege mediante el uso de encriptaci\u00f3n, como el protocolo Secure Socket Layer (SSL).<\/p>\n<p><strong><span class=\"SubHead\">Cambios en esta Declaraci\u00f3n<\/span><\/strong><\/p>\n<p>Campamento de surf barato en la zona de Hossegor Capbreton. actualizar\u00e1 de vez en cuando esta Declaraci\u00f3n de Privacidad para reflejar las opiniones de empresas y clientes. Campamento de surf barato en la zona de Hossegor Capbreton. te anima a revisar peri\u00f3dicamente esta Declaraci\u00f3n para estar informado de c\u00f3mo Cheap surf camp en la zona de Hossegor Capbreton. es proteger tu informaci\u00f3n.<\/p>\n<p><strong><span class=\"SubHead\">Informaci\u00f3n de contacto<\/span><\/strong><\/p>\n<p>Campamento de surf barato en la zona de Hossegor Capbreton. agradece tus comentarios sobre esta Declaraci\u00f3n de Privacidad. Si crees que Campamento de surf barato en la zona de Hossegor Capbreton. no se ha adherido a esta Declaraci\u00f3n, ponte en contacto con Campamento de surf barato en la zona de Hossegor Capbreton. en <a href=\"mailto:galland.lolo@gmail.com\">galland.lolo@gmail.com.<\/a> Haremos todos los esfuerzos comercialmente razonables para determinar y solucionar r\u00e1pidamente el problema.<\/p>\n<\/div>\n<\/div>\n<\/div>\n<\/div>\n<p>[\/et_pb_text][\/et_pb_column][\/et_pb_row][\/et_pb_section]<\/p>\n","protected":false},"excerpt":{"rendered":"<p>DECLARACI\u00d3N DE PRIVACIDAD Campamento de surf barato en la zona de Hossegor Capbreton. se compromete a proteger tu privacidad y a desarrollar tecnolog\u00eda que te proporcione la experiencia online m\u00e1s potente y segura. Esta Declaraci\u00f3n de Privacidad se aplica al campamento de surf Barato en la zona de Hossegor Capbreton. y regula la recopilaci\u00f3n y [&hellip;]<\/p>\n","protected":false},"author":1,"featured_media":0,"parent":0,"menu_order":0,"comment_status":"closed","ping_status":"open","template":"","meta":{"_et_pb_use_builder":"on","_et_pb_old_content":"","_et_gb_content_width":"","footnotes":""},"class_list":["post-371","page","type-page","status-publish","hentry"],"yoast_head":"<!-- This site is optimized with the Yoast SEO plugin v27.4 - https:\/\/yoast.com\/product\/yoast-seo-wordpress\/ -->\n<title>Pol\u00edtica de privacidad - H2O Holidays<\/title>\n<meta name=\"robots\" content=\"index, follow, max-snippet:-1, max-image-preview:large, max-video-preview:-1\" \/>\n<link rel=\"canonical\" href=\"https:\/\/h2oholidays.com\/es\/politica-de-privacidad\/\" \/>\n<meta property=\"og:locale\" content=\"es_ES\" \/>\n<meta property=\"og:type\" content=\"article\" \/>\n<meta property=\"og:title\" content=\"Pol\u00edtica de privacidad - H2O Holidays\" \/>\n<meta property=\"og:description\" content=\"DECLARACI\u00d3N DE PRIVACIDAD Campamento de surf barato en la zona de Hossegor Capbreton. se compromete a proteger tu privacidad y a desarrollar tecnolog\u00eda que te proporcione la experiencia online m\u00e1s potente y segura. Esta Declaraci\u00f3n de Privacidad se aplica al campamento de surf Barato en la zona de Hossegor Capbreton. y regula la recopilaci\u00f3n y [&hellip;]\" \/>\n<meta property=\"og:url\" content=\"https:\/\/h2oholidays.com\/es\/politica-de-privacidad\/\" \/>\n<meta property=\"og:site_name\" content=\"H2O Holidays\" \/>\n<meta property=\"article:modified_time\" content=\"2024-06-14T14:23:49+00:00\" \/>\n<meta name=\"twitter:card\" content=\"summary_large_image\" \/>\n<meta name=\"twitter:label1\" content=\"Tiempo de lectura\" \/>\n\t<meta name=\"twitter:data1\" content=\"8 minutos\" \/>\n<script type=\"application\/ld+json\" class=\"yoast-schema-graph\">{\"@context\":\"https:\\\/\\\/schema.org\",\"@graph\":[{\"@type\":\"WebPage\",\"@id\":\"https:\\\/\\\/h2oholidays.com\\\/es\\\/politica-de-privacidad\\\/\",\"url\":\"https:\\\/\\\/h2oholidays.com\\\/es\\\/politica-de-privacidad\\\/\",\"name\":\"Pol\u00edtica de privacidad - H2O Holidays\",\"isPartOf\":{\"@id\":\"https:\\\/\\\/h2oholidays.com\\\/es\\\/#website\"},\"datePublished\":\"2024-02-28T11:12:10+00:00\",\"dateModified\":\"2024-06-14T14:23:49+00:00\",\"breadcrumb\":{\"@id\":\"https:\\\/\\\/h2oholidays.com\\\/es\\\/politica-de-privacidad\\\/#breadcrumb\"},\"inLanguage\":\"es\",\"potentialAction\":[{\"@type\":\"ReadAction\",\"target\":[\"https:\\\/\\\/h2oholidays.com\\\/es\\\/politica-de-privacidad\\\/\"]}]},{\"@type\":\"BreadcrumbList\",\"@id\":\"https:\\\/\\\/h2oholidays.com\\\/es\\\/politica-de-privacidad\\\/#breadcrumb\",\"itemListElement\":[{\"@type\":\"ListItem\",\"position\":1,\"name\":\"Accueil\",\"item\":\"https:\\\/\\\/h2oholidays.com\\\/es\\\/\"},{\"@type\":\"ListItem\",\"position\":2,\"name\":\"Pol\u00edtica de privacidad\"}]},{\"@type\":\"WebSite\",\"@id\":\"https:\\\/\\\/h2oholidays.com\\\/es\\\/#website\",\"url\":\"https:\\\/\\\/h2oholidays.com\\\/es\\\/\",\"name\":\"H2O Holidays\",\"description\":\"Surf Hostel \\\/ Surf Camp Hossegor Capbreton France - hoo holidays\",\"potentialAction\":[{\"@type\":\"SearchAction\",\"target\":{\"@type\":\"EntryPoint\",\"urlTemplate\":\"https:\\\/\\\/h2oholidays.com\\\/es\\\/?s={search_term_string}\"},\"query-input\":{\"@type\":\"PropertyValueSpecification\",\"valueRequired\":true,\"valueName\":\"search_term_string\"}}],\"inLanguage\":\"es\"}]}<\/script>\n<!-- \/ Yoast SEO plugin. -->","yoast_head_json":{"title":"Pol\u00edtica de privacidad - H2O Holidays","robots":{"index":"index","follow":"follow","max-snippet":"max-snippet:-1","max-image-preview":"max-image-preview:large","max-video-preview":"max-video-preview:-1"},"canonical":"https:\/\/h2oholidays.com\/es\/politica-de-privacidad\/","og_locale":"es_ES","og_type":"article","og_title":"Pol\u00edtica de privacidad - H2O Holidays","og_description":"DECLARACI\u00d3N DE PRIVACIDAD Campamento de surf barato en la zona de Hossegor Capbreton. se compromete a proteger tu privacidad y a desarrollar tecnolog\u00eda que te proporcione la experiencia online m\u00e1s potente y segura. Esta Declaraci\u00f3n de Privacidad se aplica al campamento de surf Barato en la zona de Hossegor Capbreton. y regula la recopilaci\u00f3n y [&hellip;]","og_url":"https:\/\/h2oholidays.com\/es\/politica-de-privacidad\/","og_site_name":"H2O Holidays","article_modified_time":"2024-06-14T14:23:49+00:00","twitter_card":"summary_large_image","twitter_misc":{"Tiempo de lectura":"8 minutos"},"schema":{"@context":"https:\/\/schema.org","@graph":[{"@type":"WebPage","@id":"https:\/\/h2oholidays.com\/es\/politica-de-privacidad\/","url":"https:\/\/h2oholidays.com\/es\/politica-de-privacidad\/","name":"Pol\u00edtica de privacidad - H2O Holidays","isPartOf":{"@id":"https:\/\/h2oholidays.com\/es\/#website"},"datePublished":"2024-02-28T11:12:10+00:00","dateModified":"2024-06-14T14:23:49+00:00","breadcrumb":{"@id":"https:\/\/h2oholidays.com\/es\/politica-de-privacidad\/#breadcrumb"},"inLanguage":"es","potentialAction":[{"@type":"ReadAction","target":["https:\/\/h2oholidays.com\/es\/politica-de-privacidad\/"]}]},{"@type":"BreadcrumbList","@id":"https:\/\/h2oholidays.com\/es\/politica-de-privacidad\/#breadcrumb","itemListElement":[{"@type":"ListItem","position":1,"name":"Accueil","item":"https:\/\/h2oholidays.com\/es\/"},{"@type":"ListItem","position":2,"name":"Pol\u00edtica de privacidad"}]},{"@type":"WebSite","@id":"https:\/\/h2oholidays.com\/es\/#website","url":"https:\/\/h2oholidays.com\/es\/","name":"H2O Holidays","description":"Surf Hostel \/ Surf Camp Hossegor Capbreton France - hoo holidays","potentialAction":[{"@type":"SearchAction","target":{"@type":"EntryPoint","urlTemplate":"https:\/\/h2oholidays.com\/es\/?s={search_term_string}"},"query-input":{"@type":"PropertyValueSpecification","valueRequired":true,"valueName":"search_term_string"}}],"inLanguage":"es"}]}},"_links":{"self":[{"href":"https:\/\/h2oholidays.com\/es\/wp-json\/wp\/v2\/pages\/371","targetHints":{"allow":["GET"]}}],"collection":[{"href":"https:\/\/h2oholidays.com\/es\/wp-json\/wp\/v2\/pages"}],"about":[{"href":"https:\/\/h2oholidays.com\/es\/wp-json\/wp\/v2\/types\/page"}],"author":[{"embeddable":true,"href":"https:\/\/h2oholidays.com\/es\/wp-json\/wp\/v2\/users\/1"}],"replies":[{"embeddable":true,"href":"https:\/\/h2oholidays.com\/es\/wp-json\/wp\/v2\/comments?post=371"}],"version-history":[{"count":0,"href":"https:\/\/h2oholidays.com\/es\/wp-json\/wp\/v2\/pages\/371\/revisions"}],"wp:attachment":[{"href":"https:\/\/h2oholidays.com\/es\/wp-json\/wp\/v2\/media?parent=371"}],"curies":[{"name":"wp","href":"https:\/\/api.w.org\/{rel}","templated":true}]}}